{"id":45,"date":"2025-12-18T05:33:43","date_gmt":"2025-12-18T05:33:43","guid":{"rendered":"https:\/\/kp88.fit\/?page_id=45"},"modified":"2025-12-18T06:55:48","modified_gmt":"2025-12-18T06:55:48","slug":"trang-chu","status":"publish","type":"page","link":"https:\/\/kp88.fit\/","title":{"rendered":"Trang Ch\u1ee7"},"content":{"rendered":"<div class=\"row row-collapse row-full-width\"  id=\"row-1094804439\">\n\n\t<div id=\"col-483477475\" class=\"col medium-4 large-4\"  >\n\t\t\t\t<div class=\"col-inner\"  >\n\t\t\t\n\t\t\t\n\t<div class=\"img has-hover x md-x lg-x y md-y lg-y\" id=\"image_1709503405\">\n\t\t<a class=\"\" href=\"https:\/\/kp88.fit\/qc\/1\" target=\"_blank\" rel=\"noopener\" >\t\t\t\t\t\t<div class=\"img-inner dark\" >\n\t\t\t<img loading=\"lazy\" decoding=\"async\" width=\"704\" height=\"267\" src=\"https:\/\/kp88.fit\/wp-content\/uploads\/2025\/12\/kp88-quay.png\" class=\"attachment-original size-original\" alt=\"KP88\" srcset=\"https:\/\/kp88.fit\/wp-content\/uploads\/2025\/12\/kp88-quay.png 704w, https:\/\/kp88.fit\/wp-content\/uploads\/2025\/12\/kp88-quay-300x114.png 300w\" sizes=\"auto, (max-width: 704px) 100vw, 704px\" \/>\t\t\t\t\t\t\n\t\t\t\t\t<\/div>\n\t\t\t\t\t\t<\/a>\t\t\n<style>\n#image_1709503405 {\n  width: 100%;\n}\n<\/style>\n\t<\/div>\n\t\n\t\t<\/div>\n\t\t\t\t\t<\/div>\n\n\t\n\n\t<div id=\"col-1909930982\" class=\"col medium-4 large-4\"  >\n\t\t\t\t<div class=\"col-inner\"  >\n\t\t\t\n\t\t\t\n\t<div class=\"img has-hover x md-x lg-x y md-y lg-y\" id=\"image_410383960\">\n\t\t<a class=\"\" href=\"https:\/\/kp88.fit\/qc\/1\" target=\"_blank\" rel=\"noopener\" >\t\t\t\t\t\t<div class=\"img-inner dark\" >\n\t\t\t<img loading=\"lazy\" decoding=\"async\" width=\"704\" height=\"267\" src=\"https:\/\/kp88.fit\/wp-content\/uploads\/2025\/12\/kn88-napdau.png\" class=\"attachment-original size-original\" alt=\"kp88\" srcset=\"https:\/\/kp88.fit\/wp-content\/uploads\/2025\/12\/kn88-napdau.png 704w, https:\/\/kp88.fit\/wp-content\/uploads\/2025\/12\/kn88-napdau-300x114.png 300w\" sizes=\"auto, (max-width: 704px) 100vw, 704px\" \/>\t\t\t\t\t\t\n\t\t\t\t\t<\/div>\n\t\t\t\t\t\t<\/a>\t\t\n<style>\n#image_410383960 {\n  width: 100%;\n}\n<\/style>\n\t<\/div>\n\t\n\t\t<\/div>\n\t\t\t\t\t<\/div>\n\n\t\n\n\t<div id=\"col-1116472304\" class=\"col medium-4 large-4\"  >\n\t\t\t\t<div class=\"col-inner\"  >\n\t\t\t\n\t\t\t\n\t<div class=\"img has-hover x md-x lg-x y md-y lg-y\" id=\"image_911391898\">\n\t\t<a class=\"\" href=\"https:\/\/kp88.fit\/qc\/1\" target=\"_blank\" rel=\"noopener\" >\t\t\t\t\t\t<div class=\"img-inner dark\" >\n\t\t\t<img loading=\"lazy\" decoding=\"async\" width=\"704\" height=\"267\" src=\"https:\/\/kp88.fit\/wp-content\/uploads\/2025\/12\/hp88-dn.png\" class=\"attachment-original size-original\" alt=\"\" srcset=\"https:\/\/kp88.fit\/wp-content\/uploads\/2025\/12\/hp88-dn.png 704w, https:\/\/kp88.fit\/wp-content\/uploads\/2025\/12\/hp88-dn-300x114.png 300w\" sizes=\"auto, (max-width: 704px) 100vw, 704px\" \/>\t\t\t\t\t\t\n\t\t\t\t\t<\/div>\n\t\t\t\t\t\t<\/a>\t\t\n<style>\n#image_911391898 {\n  width: 100%;\n}\n<\/style>\n\t<\/div>\n\t\n\t\t<\/div>\n\t\t\t\t\t<\/div>\n\n\t\n<\/div>\n<div class=\"row\"  id=\"row-2010859568\">\n\n\t<div id=\"col-4580151\" class=\"col small-12 large-12\"  >\n\t\t\t\t<div class=\"col-inner\"  >\n\t\t\t\n\t\t\t\n\t<div id=\"text-1300968363\" class=\"text\">\n\t\t\n<h1 style=\"text-align: center;\"><span style=\"color: #ff9900; font-family: verdana, geneva, sans-serif;\"><a style=\"color: #ff9900;\" href=\"https:\/\/www.01kp88.com\/\" target=\"_blank\" rel=\"noopener\">KP88<\/a> &#8211; Th\u01b0\u01a1ng Hi\u1ec7u Gi\u1ea3i Tr\u00ed Uy T\u00edn Ch\u1ea5t L\u01b0\u1ee3ng H\u00e0ng \u0110\u1ea7u Ch\u00e2u \u00c1<\/span><\/h1>\n<blockquote><p><span style=\"font-family: verdana, geneva, sans-serif;\"><strong><span style=\"color: #ff9900;\"><a style=\"color: #ff9900;\" href=\"https:\/\/kp88.fit\/\">KP88<\/a> <\/span><\/strong>\u2013 s\u00e2n ch\u01a1i c\u00e1 c\u01b0\u1ee3c tr\u1ef1c tuy\u1ebfn <b>an to\u00e0n, uy t\u00edn v\u00e0 t\u1ed1i \u01b0u tr\u1ea3i nghi\u1ec7m<\/b>. V\u1edbi giao di\u1ec7n th\u00e2n thi\u1ec7n, thao t\u00e1c nhanh, b\u1ea3o m\u1eadt tuy\u1ec7t \u0111\u1ed1i v\u00e0 h\u1ed7 tr\u1ee3 24\/7, KP88 mang \u0111\u1ebfn <b>tr\u1ea3i nghi\u1ec7m tr\u1ecdn v\u1eb9n, ti\u1ec7n l\u1ee3i v\u00e0 \u0111\u00e1ng tin c\u1eady<\/b>\u00a0cho m\u1ecdi game th\u1ee7.<\/span><\/p>\n<p><span style=\"font-family: verdana, geneva, sans-serif;\">Link truy c\u1eadp ch\u00ednh th\u1ee9c c\u00f4ng game KP88:<span style=\"color: #ff9900;\"> <a style=\"color: #ff9900;\" href=\"https:\/\/kp88.fit\/\" target=\"_blank\" rel=\"noopener\"><strong>https:\/\/kp88.fit\/<\/strong><\/a><\/span><\/span><\/p><\/blockquote>\n<h2><span style=\"color: #ff9900; font-family: verdana, geneva, sans-serif;\">\u0110i\u1ec3m m\u1ea1nh v\u01b0\u1ee3t tr\u1ed9i c\u1ee7a KP88<\/span><\/h2>\n<ul>\n<li aria-level=\"1\"><span style=\"font-family: verdana, geneva, sans-serif;\"><b>Uy t\u00edn h\u00e0ng \u0111\u1ea7u:<\/b> KP88 ho\u1ea1t \u0111\u1ed9ng minh b\u1ea1ch, b\u1ea3o m\u1eadt cao, \u0111\u1ea3m b\u1ea3o quy\u1ec1n l\u1ee3i t\u1ed1i \u0111a cho ng\u01b0\u1eddi ch\u01a1i.<\/span><\/li>\n<li aria-level=\"1\"><span style=\"font-family: verdana, geneva, sans-serif;\"><b>C\u00f4ng ngh\u1ec7 ti\u00ean ti\u1ebfn:<\/b>\u00a0H\u1ec7 th\u1ed1ng hi\u1ec7n \u0111\u1ea1i, giao d\u1ecbch si\u00eau nhanh, t\u1ed1i \u01b0u m\u1ecdi thao t\u00e1c, t\u1eeb n\u1ea1p r\u00fat \u0111\u1ebfn \u0111\u1eb7t c\u01b0\u1ee3c.<\/span><\/li>\n<li aria-level=\"1\"><span style=\"font-family: verdana, geneva, sans-serif;\"><b>Tr\u1ea3i nghi\u1ec7m m\u01b0\u1ee3t m\u00e0:<\/b>\u00a0Giao di\u1ec7n th\u00e2n thi\u1ec7n, m\u1ecdi thi\u1ebft b\u1ecb \u0111\u1ec1u t\u01b0\u01a1ng th\u00edch, t\u1ed1c \u0111\u1ed9 load nhanh, thao t\u00e1c li\u1ec1n m\u1ea1ch.<\/span><\/li>\n<li aria-level=\"1\"><span style=\"font-family: verdana, geneva, sans-serif;\"><strong>Kho game c\u1ef1c kh\u1ee7ng: <\/strong>T\u1eeb th\u1ec3 thao, casino live, \u0111\u00e1 g\u00e0, n\u1ed5 h\u0169, b\u1eafn c\u00e1 \u0111\u1ebfn mini game, t\u00e0i x\u1ec9u \u2013 t\u1ea5t c\u1ea3 g\u00f3i g\u1ecdn ch\u1ec9 trong m\u1ed9t c\u00fa ch\u1ea1m.<\/span><\/li>\n<li aria-level=\"1\"><span style=\"font-family: verdana, geneva, sans-serif;\"><b>H\u1ed7 tr\u1ee3 24\/7:<\/b> \u0110\u1ed9i ng\u0169 chuy\u00ean nghi\u1ec7p lu\u00f4n s\u1eb5n s\u00e0ng gi\u1ea3i \u0111\u00e1p m\u1ecdi th\u1eafc m\u1eafc, gi\u00fap ng\u01b0\u1eddi ch\u01a1i y\u00ean t\u00e2m v\u00e0 tr\u1ea3i nghi\u1ec7m.<\/span><\/li>\n<li aria-level=\"1\"><span style=\"font-family: verdana, geneva, sans-serif;\"><b>\u0110a d\u1ea1ng t\u00f9y ch\u1ecdn:<\/b>\u00a0N\u1ec1n t\u1ea3ng t\u1ed1i \u01b0u cho nhi\u1ec1u lo\u1ea1i h\u00ecnh c\u00e1 c\u01b0\u1ee3c, \u0111\u1ea3m b\u1ea3o ng\u01b0\u1eddi ch\u01a1i lu\u00f4n c\u00f3 l\u1ef1a ch\u1ecdn ph\u00f9 h\u1ee3p v\u00e0 thu\u1eadn ti\u1ec7n.<\/span><\/li>\n<\/ul>\n<h2><span style=\"color: #ff9900; font-family: verdana, geneva, sans-serif;\">T\u1ed1i \u01b0u tr\u1ea3i nghi\u1ec7m ng\u01b0\u1eddi ch\u01a1i<\/span><\/h2>\n<p><span style=\"font-family: verdana, geneva, sans-serif;\">KP88 kh\u00f4ng ch\u1ec9 l\u00e0 nh\u00e0 c\u00e1i, m\u00e0 l\u00e0 <b>n\u1ec1n t\u1ea3ng \u0111\u01b0\u1ee3c thi\u1ebft k\u1ebf \u0111\u1ec3 t\u1ed1i \u01b0u tr\u1ea3i nghi\u1ec7m t\u1eeb \u0111\u1ea7u \u0111\u1ebfn cu\u1ed1i<\/b>. M\u1ecdi chi ti\u1ebft \u2013 t\u1eeb giao di\u1ec7n, t\u1ed1c \u0111\u1ed9 x\u1eed l\u00fd, b\u1ea3o m\u1eadt, cho \u0111\u1ebfn h\u1ed7 tr\u1ee3 kh\u00e1ch h\u00e0ng \u2013 \u0111\u1ec1u \u0111\u01b0\u1ee3c tinh ch\u1ec9nh \u0111\u1ec3 mang \u0111\u1ebfn\u00a0<b>s\u1ef1 ti\u1ec7n l\u1ee3i, an to\u00e0n v\u00e0 nhanh ch\u00f3ng<\/b>.<\/span><\/p>\n<ul>\n<li aria-level=\"1\"><span style=\"font-family: verdana, geneva, sans-serif;\"><b>T\u1ed1c \u0111\u1ed9 v\u01b0\u1ee3t tr\u1ed9i:<\/b>\u00a0M\u1ecdi thao t\u00e1c \u0111\u1ec1u th\u1ef1c hi\u1ec7n t\u1ee9c th\u00ec, kh\u00f4ng m\u1ea5t th\u1eddi gian ch\u1edd \u0111\u1ee3i.<\/span><\/li>\n<li aria-level=\"1\"><span style=\"font-family: verdana, geneva, sans-serif;\"><b>B\u1ea3o m\u1eadt t\u1ed1i \u0111a:<\/b>\u00a0D\u1eef li\u1ec7u v\u00e0 giao d\u1ecbch \u0111\u01b0\u1ee3c m\u00e3 h\u00f3a, \u0111\u1ea3m b\u1ea3o an to\u00e0n tuy\u1ec7t \u0111\u1ed1i.<\/span><\/li>\n<li aria-level=\"1\"><span style=\"font-family: verdana, geneva, sans-serif;\"><b>Giao di\u1ec7n tr\u1ef1c quan:<\/b>\u00a0M\u1ecdi thao t\u00e1c \u0111\u01a1n gi\u1ea3n, d\u1ec5 d\u00e0ng, ngay c\u1ea3 v\u1edbi ng\u01b0\u1eddi m\u1edbi.<\/span><\/li>\n<li aria-level=\"1\"><span style=\"font-family: verdana, geneva, sans-serif;\"><b>\u0110a n\u1ec1n t\u1ea3ng:<\/b>\u00a0Tr\u1ea3i nghi\u1ec7m m\u01b0\u1ee3t m\u00e0 tr\u00ean \u0111i\u1ec7n tho\u1ea1i, m\u00e1y t\u00ednh, tablet.<\/span><\/li>\n<\/ul>\n<h2><span style=\"color: #ff9900; font-family: verdana, geneva, sans-serif;\">KP88 \u2013 \u0110i\u1ec3m \u0111\u1ebfn l\u00fd t\u01b0\u1edfng cho ng\u01b0\u1eddi ch\u01a1i th\u00f4ng minh<\/span><\/h2>\n<p><span style=\"font-family: verdana, geneva, sans-serif;\">Khi \u0111\u1eb7t ch\u00e2n \u0111\u1ebfn KP88, m\u1ed7i th\u00e0nh vi\u00ean \u0111\u1ec1u \u0111\u01b0\u1ee3c <b>t\u1eadn h\u01b0\u1edfng tr\u1ea3i nghi\u1ec7m t\u1ed1i \u01b0u<\/b>, t\u1eeb giao di\u1ec7n, t\u1ed1c \u0111\u1ed9, b\u1ea3o m\u1eadt, \u0111\u1ebfn h\u1ed7 tr\u1ee3 v\u00e0 \u0111a d\u1ea1ng t\u00f9y ch\u1ecdn. \u0110\u00e2y l\u00e0 n\u01a1i\u00a0<b>c\u00e1 c\u01b0\u1ee3c tr\u1edf n\u00ean d\u1ec5 d\u00e0ng, an to\u00e0n v\u00e0 hi\u1ec7u qu\u1ea3<\/b>, gi\u00fap ng\u01b0\u1eddi ch\u01a1i t\u1eadp trung v\u00e0o tr\u1ea3i nghi\u1ec7m m\u00e0 kh\u00f4ng lo gi\u00e1n \u0111o\u1ea1n hay r\u1ee7i ro.<\/span><\/p>\n<blockquote><p><span style=\"font-family: verdana, geneva, sans-serif;\">\ud83d\udc49\u00a0Ch\u1ec9 v\u1edbi m\u1ed9t t\u00e0i kho\u1ea3n, b\u1ea1n s\u1ebd\u00a0<b>tr\u1ea3i nghi\u1ec7m to\u00e0n b\u1ed9 l\u1ee3i th\u1ebf c\u1ee7a KP88 <\/b>\u2013 nhanh ch\u00f3ng, an to\u00e0n, t\u1ed1i \u01b0u tuy\u1ec7t \u0111\u1ed1i v\u00e0 \u0111\u1ea7y ti\u1ec7n l\u1ee3i. C\u1ed5ng game KP88.com \u2013\u00a0<b>n\u1ec1n t\u1ea3ng c\u00e1 c\u01b0\u1ee3c tr\u1ef1c tuy\u1ebfn \u0111\u00e1ng tin c\u1eady<\/b>\u00a0cho m\u1ecdi game th\u1ee7.<\/span><\/p><\/blockquote>\n\t\t\n<style>\n#text-1300968363 {\n  color: rgb(0,0,0);\n}\n#text-1300968363 > * {\n  color: rgb(0,0,0);\n}\n<\/style>\n\t<\/div>\n\t\n<h3 class=\"accordion_title\">C\u00e1c C\u00e2u H\u1ecfi Th\u01b0\u1eddng G\u1eb7p (FAQ) ?<\/h3><div class=\"accordion\">\n\t<div id=\"accordion-2662766314\" class=\"accordion-item\">\n\t\t<a id=\"accordion-2662766314-label\" class=\"accordion-title plain\" href=\"#accordion-item-kp88-c\u00f3-uy-t\u00edn-kh\u00f4ng-?\" aria-expanded=\"false\" aria-controls=\"accordion-2662766314-content\" >\n\t\t\t<button class=\"toggle\" aria-label=\"Chuy\u1ec3n \u0111\u1ed5i\"><i class=\"icon-angle-down\"><\/i><\/button>\n\t\t\t<span>KP88 c\u00f3 uy t\u00edn kh\u00f4ng ?<\/span>\n\t\t<\/a>\n\t\t<div id=\"accordion-2662766314-content\" class=\"accordion-inner\" aria-labelledby=\"accordion-2662766314-label\" >\n\t\t\t\n\t<div id=\"text-215528443\" class=\"text\">\n\t\t\n<p><span style=\"font-family: verdana, geneva, sans-serif;\">C\u00f3. KP88 l\u00e0 nh\u00e0 c\u00e1i h\u1ee3p ph\u00e1p, \u0111\u01b0\u1ee3c c\u1ea5p ph\u00e1t gi\u1ea5y t\u1edd qu\u1ed1c t\u1ebf h\u1ee3p l\u1ec7 v\u00e0 h\u1ec7 th\u1ed1ng b\u1ea3o m\u1eadt SLL b\u1ea3o v\u1ec7 th\u00f4ng tin ng\u01b0\u1eddi ch\u01a1i an to\u00e0n.<\/span><br \/>\n\t\t\n<style>\n#text-215528443 {\n  color: rgb(0,0,0);\n}\n#text-215528443 > * {\n  color: rgb(0,0,0);\n}\n<\/style>\n\t<\/div>\n\t\n\t\t<\/div>\n\t<\/div>\n\t\n\t<div id=\"accordion-2515573815\" class=\"accordion-item\">\n\t\t<a id=\"accordion-2515573815-label\" class=\"accordion-title plain\" href=\"#accordion-item-t\u1ea1i-sao-t\u00f4i-kh\u00f4ng-nh\u1eadn-\u0111\u01b0\u1ee3c-khuy\u1ebfn-m\u00e3i?\" aria-expanded=\"false\" aria-controls=\"accordion-2515573815-content\" >\n\t\t\t<button class=\"toggle\" aria-label=\"Chuy\u1ec3n \u0111\u1ed5i\"><i class=\"icon-angle-down\"><\/i><\/button>\n\t\t\t<span>T\u1ea1i sao t\u00f4i kh\u00f4ng nh\u1eadn \u0111\u01b0\u1ee3c khuy\u1ebfn m\u00e3i?<\/span>\n\t\t<\/a>\n\t\t<div id=\"accordion-2515573815-content\" class=\"accordion-inner\" aria-labelledby=\"accordion-2515573815-label\" >\n\t\t\t\n\t<div id=\"text-200611807\" class=\"text\">\n\t\t\n<p>C\u00f3 th\u1ec3 b\u1ea1n ch\u01b0a ho\u00e0n t\u1ea5t b\u01b0\u1edbc ch\u1ecdn khuy\u1ebfn m\u00e3i sau khi n\u1ea1p ti\u1ec1n. H\u00e3y li\u00ean h\u1ec7 CSKH \u0111\u1ec3 \u0111\u01b0\u1ee3c h\u1ed7 tr\u1ee3 k\u00edch ho\u1ea1t.<\/p>\n\t\t\n<style>\n#text-200611807 {\n  color: rgb(0,0,0);\n}\n#text-200611807 > * {\n  color: rgb(0,0,0);\n}\n<\/style>\n\t<\/div>\n\t\n\t\t<\/div>\n\t<\/div>\n\t\n\t<div id=\"accordion-311465331\" class=\"accordion-item\">\n\t\t<a id=\"accordion-311465331-label\" class=\"accordion-title plain\" href=\"#accordion-item-\u0110\u1ed9-tu\u1ed5i-t\u1ed1i-thi\u1ec3u-khi-\u0111\u0103ng-k\u00fd-kp88-l\u00e0-bao-nhi\u00eau-?\" aria-expanded=\"false\" aria-controls=\"accordion-311465331-content\" >\n\t\t\t<button class=\"toggle\" aria-label=\"Chuy\u1ec3n \u0111\u1ed5i\"><i class=\"icon-angle-down\"><\/i><\/button>\n\t\t\t<span>\u0110\u1ed9 tu\u1ed5i t\u1ed1i thi\u1ec3u khi \u0111\u0103ng k\u00fd KP88 l\u00e0 bao nhi\u00eau ?<\/span>\n\t\t<\/a>\n\t\t<div id=\"accordion-311465331-content\" class=\"accordion-inner\" aria-labelledby=\"accordion-311465331-label\" >\n\t\t\t\n\t<div id=\"text-2848133654\" class=\"text\">\n\t\t\n<p><span style=\"font-family: verdana, geneva, sans-serif;\">C\u1ed5ng game y\u00eau c\u1ea7u th\u00e0nh vi\u00ean ph\u1ea3i t\u1eeb 18 tu\u1ed5i tr\u1edf l\u00ean m\u1edbi \u0111\u01b0\u1ee3c ph\u00e9p tham gia. \u0110\u1ed3ng th\u1eddi, m\u1ed7i c\u00e1 nh\u00e2n c\u1ea7n \u0111\u1ea3m b\u1ea3o m\u1ecdi h\u00e0nh \u0111\u1ed9ng ph\u00f9 h\u1ee3p v\u1edbi quy \u0111\u1ecbnh ph\u00e1p lu\u1eadt c\u0169ng nh\u01b0 tr\u00e1ch nhi\u1ec7m c\u1ee7a b\u1ea3n th\u00e2n. Tr\u01b0\u1eddng h\u1ee3p khai gian tu\u1ed5i \u0111\u1ec3 m\u1edf t\u00e0i kho\u1ea3n s\u1ebd b\u1ecb h\u1ec7 th\u1ed1ng x\u1eed l\u00fd theo quy \u0111\u1ecbnh v\u00e0 kho\u00e1 ngay l\u1eadp t\u1ee9c.<\/span><br \/>\n\t\t\n<style>\n#text-2848133654 {\n  color: rgb(0,0,0);\n}\n#text-2848133654 > * {\n  color: rgb(0,0,0);\n}\n<\/style>\n\t<\/div>\n\t\n\t\t<\/div>\n\t<\/div>\n\t\n\t<div id=\"accordion-1924334460\" class=\"accordion-item\">\n\t\t<a id=\"accordion-1924334460-label\" class=\"accordion-title plain\" href=\"#accordion-item-qu\u00ean-m\u1eadt-kh\u1ea9u-t\u00e0i-kho\u1ea3n,-th\u00ec-x\u1eed-l\u00fd-nh\u01b0-th\u1ebf-n\u00e0o?\" aria-expanded=\"false\" aria-controls=\"accordion-1924334460-content\" >\n\t\t\t<button class=\"toggle\" aria-label=\"Chuy\u1ec3n \u0111\u1ed5i\"><i class=\"icon-angle-down\"><\/i><\/button>\n\t\t\t<span>Qu\u00ean m\u1eadt kh\u1ea9u t\u00e0i kho\u1ea3n, th\u00ec x\u1eed l\u00fd nh\u01b0 th\u1ebf n\u00e0o?<\/span>\n\t\t<\/a>\n\t\t<div id=\"accordion-1924334460-content\" class=\"accordion-inner\" aria-labelledby=\"accordion-1924334460-label\" >\n\t\t\t\n\t<div id=\"text-3603978892\" class=\"text\">\n\t\t\n<p><span style=\"font-family: verdana, geneva, sans-serif;\">Nh\u1ea5n \u201cQu\u00ean m\u1eadt kh\u1ea9u\u201d ngay t\u1ea1i giao di\u1ec7n \u0111\u0103ng nh\u1eadp \u0111\u1ec3 kh\u00f4i ph\u1ee5c nhanh nh\u1ea5t. N\u1ebfu mu\u1ed1n h\u1ed7 tr\u1ee3 nhanh h\u01a1n, b\u1ea1n c\u00f3 th\u1ec3 chat tr\u1ef1c ti\u1ebfp v\u1edbi \u0111\u1ed9i ng\u0169 h\u1ed7 tr\u1ee3 24\/7, ph\u1ea3n h\u1ed3i si\u00eau t\u1ed1c \u2013 ch\u1ec9 v\u00e0i ph\u00fat l\u00e0 xong.<\/span><br \/>\n\t\t\n<style>\n#text-3603978892 {\n  color: rgb(0,0,0);\n}\n#text-3603978892 > * {\n  color: rgb(0,0,0);\n}\n<\/style>\n\t<\/div>\n\t\n\t\t<\/div>\n\t<\/div>\n\t\n\t<div id=\"accordion-3623827512\" class=\"accordion-item\">\n\t\t<a id=\"accordion-3623827512-label\" class=\"accordion-title plain\" href=\"#accordion-item-l\u00fd-do-t\u00e0i-kho\u1ea3n-kp88-b\u1ecb-kh\u00f3a-?\" aria-expanded=\"false\" aria-controls=\"accordion-3623827512-content\" >\n\t\t\t<button class=\"toggle\" aria-label=\"Chuy\u1ec3n \u0111\u1ed5i\"><i class=\"icon-angle-down\"><\/i><\/button>\n\t\t\t<span>L\u00fd do t\u00e0i kho\u1ea3n KP88 b\u1ecb kh\u00f3a ?<\/span>\n\t\t<\/a>\n\t\t<div id=\"accordion-3623827512-content\" class=\"accordion-inner\" aria-labelledby=\"accordion-3623827512-label\" >\n\t\t\t\n\t<div id=\"text-77549279\" class=\"text\">\n\t\t\n<ul>\n<li aria-level=\"1\"><span style=\"font-family: verdana, geneva, sans-serif;\">Th\u00e0nh vi\u00ean cung c\u1ea5p th\u00f4ng tin kh\u00f4ng \u0111\u00fang, kh\u00f4ng th\u1ec3 x\u00e1c minh t\u1ea1i qu\u00e1 tr\u00ecnh \u0111\u0103ng k\u00fd.<\/span><\/li>\n<li aria-level=\"1\"><span style=\"font-family: verdana, geneva, sans-serif;\">H\u1ed9i vi\u00ean c\u00f3 h\u00e0nh vi l\u1ea1m d\u1ee5ng, gian l\u1eadn trong c\u00e1c ch\u00ednh s\u00e1ch \u01b0u \u0111\u00e3i do h\u1ec7 th\u1ed1ng tri\u1ec3n khai.<\/span><\/li>\n<li aria-level=\"1\"><span style=\"font-family: verdana, geneva, sans-serif;\">Nh\u1eefng h\u00e0nh vi gian l\u1eadn, can thi\u1ec7p v\u00e0o k\u1ebft qu\u1ea3 trong qu\u00e1 tr\u00ecnh tham gia \u1ea3nh h\u01b0\u1edfng n\u1eb7ng n\u1ec1 t\u1edbi t\u00ednh c\u00f4ng b\u1eb1ng, minh b\u1ea1ch.<\/span><\/li>\n<\/ul>\n\t\t\n<style>\n#text-77549279 {\n  color: rgb(0,0,0);\n}\n#text-77549279 > * {\n  color: rgb(0,0,0);\n}\n<\/style>\n\t<\/div>\n\t\n\t\t<\/div>\n\t<\/div>\n\t\n<\/div>\n\t\t<\/div>\n\t\t\t\t\t<\/div>\n\n\t\n<\/div>\n","protected":false},"excerpt":{"rendered":"","protected":false},"author":1,"featured_media":6,"parent":0,"menu_order":0,"comment_status":"closed","ping_status":"closed","template":"","meta":{"footnotes":""},"class_list":["post-45","page","type-page","status-publish","has-post-thumbnail","hentry"],"_links":{"self":[{"href":"https:\/\/kp88.fit\/index.php?rest_route=\/wp\/v2\/pages\/45","targetHints":{"allow":["GET"]}}],"collection":[{"href":"https:\/\/kp88.fit\/index.php?rest_route=\/wp\/v2\/pages"}],"about":[{"href":"https:\/\/kp88.fit\/index.php?rest_route=\/wp\/v2\/types\/page"}],"author":[{"embeddable":true,"href":"https:\/\/kp88.fit\/index.php?rest_route=\/wp\/v2\/users\/1"}],"replies":[{"embeddable":true,"href":"https:\/\/kp88.fit\/index.php?rest_route=%2Fwp%2Fv2%2Fcomments&post=45"}],"version-history":[{"count":13,"href":"https:\/\/kp88.fit\/index.php?rest_route=\/wp\/v2\/pages\/45\/revisions"}],"predecessor-version":[{"id":65,"href":"https:\/\/kp88.fit\/index.php?rest_route=\/wp\/v2\/pages\/45\/revisions\/65"}],"wp:featuredmedia":[{"embeddable":true,"href":"https:\/\/kp88.fit\/index.php?rest_route=\/wp\/v2\/media\/6"}],"wp:attachment":[{"href":"https:\/\/kp88.fit\/index.php?rest_route=%2Fwp%2Fv2%2Fmedia&parent=45"}],"curies":[{"name":"wp","href":"https:\/\/api.w.org\/{rel}","templated":true}]}}